{"id":329,"date":"2025-03-06T13:27:00","date_gmt":"2025-03-06T12:27:00","guid":{"rendered":"https:\/\/www.cbkolin.cz\/?page_id=329"},"modified":"2025-03-06T13:27:00","modified_gmt":"2025-03-06T12:27:00","slug":"pomahame","status":"publish","type":"page","link":"https:\/\/www.cbkolin.cz\/?page_id=329","title":{"rendered":"POM\u00c1H\u00c1ME"},"content":{"rendered":"\n<p>Jsme hrd\u00ed na to, \u017ee jako spole\u010denstv\u00ed m\u016f\u017eeme finan\u010dn\u011b a modlitebn\u011b podporovat pr\u00e1ci Radka Posp\u00ed\u0161ila, lektora prim\u00e1rn\u00ed prevence na \u0161kol\u00e1ch.<\/p>\n\n\n\n<p>C\u00edlem je dos\u00e1hnout sn\u00ed\u017een\u00ed rizikov\u00e9ho chov\u00e1n\u00ed \u017e\u00e1k\u016f pomoc\u00ed prim\u00e1rn\u00ed prevence. Realizovan\u00e9 programy umo\u017en\u00ed \u017e\u00e1k\u016fm snadn\u011bj\u0161\u00ed rozpozn\u00e1n\u00ed rizik, pojmenov\u00e1n\u00ed a hled\u00e1n\u00ed v\u00fdchodiska ze situace. Jedn\u00e1 se o zlep\u0161en\u00ed situace v prevenci soci\u00e1ln\u011b negativn\u00edch jev\u016f na \u0161kol\u00e1ch, spojen\u00ed zku\u0161enost\u00ed a sil s ostatn\u00edmi subjekty zab\u00fdvaj\u00edc\u00ed se prevenc\u00ed, budov\u00e1n\u00ed spole\u010dn\u00e9 s\u00edt\u011b jako z\u00e1chytn\u00fdch bod\u016f pro eliminaci rizik.<\/p>\n\n\n","protected":false},"excerpt":{"rendered":"<p>Jsme hrd\u00ed na to, \u017ee jako spole\u010denstv\u00ed m\u016f\u017eeme finan\u010dn\u011b a modlitebn\u011b podporovat pr\u00e1ci Radka Posp\u00ed\u0161ila, [&hellip;]<\/p>\n","protected":false},"author":1,"featured_media":0,"parent":0,"menu_order":0,"comment_status":"closed","ping_status":"closed","template":"","meta":{"footnotes":""},"class_list":["post-329","page","type-page","status-publish","hentry"],"_links":{"self":[{"href":"https:\/\/www.cbkolin.cz\/index.php?rest_route=\/wp\/v2\/pages\/329","targetHints":{"allow":["GET"]}}],"collection":[{"href":"https:\/\/www.cbkolin.cz\/index.php?rest_route=\/wp\/v2\/pages"}],"about":[{"href":"https:\/\/www.cbkolin.cz\/index.php?rest_route=\/wp\/v2\/types\/page"}],"author":[{"embeddable":true,"href":"https:\/\/www.cbkolin.cz\/index.php?rest_route=\/wp\/v2\/users\/1"}],"replies":[{"embeddable":true,"href":"https:\/\/www.cbkolin.cz\/index.php?rest_route=%2Fwp%2Fv2%2Fcomments&post=329"}],"version-history":[{"count":1,"href":"https:\/\/www.cbkolin.cz\/index.php?rest_route=\/wp\/v2\/pages\/329\/revisions"}],"predecessor-version":[{"id":332,"href":"https:\/\/www.cbkolin.cz\/index.php?rest_route=\/wp\/v2\/pages\/329\/revisions\/332"}],"wp:attachment":[{"href":"https:\/\/www.cbkolin.cz\/index.php?rest_route=%2Fwp%2Fv2%2Fmedia&parent=329"}],"curies":[{"name":"wp","href":"https:\/\/api.w.org\/{rel}","templated":true}]}}