{"id":335,"date":"2025-03-06T13:35:58","date_gmt":"2025-03-06T12:35:58","guid":{"rendered":"https:\/\/www.cbkolin.cz\/?page_id=335"},"modified":"2025-03-31T17:14:14","modified_gmt":"2025-03-31T15:14:14","slug":"o-nas","status":"publish","type":"page","link":"https:\/\/www.cbkolin.cz\/?page_id=335","title":{"rendered":"O N\u00c1S"},"content":{"rendered":"\n<p>Jsme pestr\u00fdm spole\u010denstv\u00edm, kde se potk\u00e1te s lidmi r\u016fzn\u00e9ho v\u011bku, vzd\u011bl\u00e1n\u00ed i postaven\u00ed \u2013 najdete zde u\u010ditele, podnikatele, maminky v dom\u00e1cnosti, l\u00e9ka\u0159e, studenty, strojvedouc\u00ed i d\u011bti. Spojuje n\u00e1s touha j\u00edt spole\u010dn\u011b za Je\u017e\u00ed\u0161em. Odpov\u011bdi na kl\u00ed\u010dov\u00e9 ot\u00e1zky \u017eivota hled\u00e1me spole\u010dn\u011b p\u0159edev\u0161\u00edm v Bibli.<\/p>\n\n\n\n<p>Kol\u00ednsk\u00fd sbor je sou\u010d\u00e1st\u00ed st\u00e1tem registrovan\u00e9 C\u00edrkve bratrsk\u00e9 (<a href=\"http:\/\/www.cb.cz\">C\u00edrkve bratrsk\u00e9<\/a>).<\/p>\n\n\n\n<p>M\u00e1 za sebou fascinuj\u00edc\u00ed p\u0159\u00edb\u011bh sv\u00e9ho vzniku spjat\u00fd s modern\u00ed histori\u00ed Kol\u00edna \u2013 historie<\/p>\n\n\n\n<p>Hl\u00e1s\u00edme se k vyzn\u00e1n\u00ed v\u00edry a z\u00e1sad\u00e1m ( <a href=\"https:\/\/minio.amagical.net\/cbweb-production\/s0xo9s9osxdmgg32bn0s7ojxtg1j?response-content-disposition=inline%3B%20filename%3D%22Duchovni_zasady_CB_s_komentovanym_vyznanim_viry_CB.pdf%22%3B%20filename%2A%3DUTF-8%27%27Duchovni_zasady_CB_s_komentovanym_vyznanim_viry_CB.pdf&amp;response-content-type=application%2Fpdf&amp;X-Amz-Algorithm=AWS4-HMAC-SHA256&amp;X-Amz-Credential=MADK1PTUTFECTNDBPKWR%2F20250306%2Feu-central%2Fs3%2Faws4_request&amp;X-Amz-Date=20250306T123431Z&amp;X-Amz-Expires=300&amp;X-Amz-SignedHeaders=host&amp;X-Amz-Signature=de5bf81d186a80637c7d0f54323a25ee369a8286db25284697b20f8b2d6c6caa\">vyzn\u00e1n\u00ed v\u00edry a z\u00e1sad\u00e1m<\/a> ), kter\u00e9 jsou spole\u010dn\u00e9 v\u0161em sbor\u016fm C\u00edrkve bratrsk\u00e9.<\/p>\n\n\n\n<p><\/p>\n","protected":false},"excerpt":{"rendered":"<p>Jsme pestr\u00fdm spole\u010denstv\u00edm, kde se potk\u00e1te s lidmi r\u016fzn\u00e9ho v\u011bku, vzd\u011bl\u00e1n\u00ed i postaven\u00ed \u2013 najdete [&hellip;]<\/p>\n","protected":false},"author":1,"featured_media":0,"parent":0,"menu_order":0,"comment_status":"closed","ping_status":"closed","template":"","meta":{"footnotes":""},"class_list":["post-335","page","type-page","status-publish","hentry"],"_links":{"self":[{"href":"https:\/\/www.cbkolin.cz\/index.php?rest_route=\/wp\/v2\/pages\/335","targetHints":{"allow":["GET"]}}],"collection":[{"href":"https:\/\/www.cbkolin.cz\/index.php?rest_route=\/wp\/v2\/pages"}],"about":[{"href":"https:\/\/www.cbkolin.cz\/index.php?rest_route=\/wp\/v2\/types\/page"}],"author":[{"embeddable":true,"href":"https:\/\/www.cbkolin.cz\/index.php?rest_route=\/wp\/v2\/users\/1"}],"replies":[{"embeddable":true,"href":"https:\/\/www.cbkolin.cz\/index.php?rest_route=%2Fwp%2Fv2%2Fcomments&post=335"}],"version-history":[{"count":4,"href":"https:\/\/www.cbkolin.cz\/index.php?rest_route=\/wp\/v2\/pages\/335\/revisions"}],"predecessor-version":[{"id":530,"href":"https:\/\/www.cbkolin.cz\/index.php?rest_route=\/wp\/v2\/pages\/335\/revisions\/530"}],"wp:attachment":[{"href":"https:\/\/www.cbkolin.cz\/index.php?rest_route=%2Fwp%2Fv2%2Fmedia&parent=335"}],"curies":[{"name":"wp","href":"https:\/\/api.w.org\/{rel}","templated":true}]}}