{"id":346,"date":"2025-03-06T13:56:38","date_gmt":"2025-03-06T12:56:38","guid":{"rendered":"https:\/\/www.cbkolin.cz\/?page_id=346"},"modified":"2025-03-21T20:09:10","modified_gmt":"2025-03-21T19:09:10","slug":"rad-bych-se-pridal","status":"publish","type":"page","link":"https:\/\/www.cbkolin.cz\/?page_id=346","title":{"rendered":"R\u00c1D BYCH SE P\u0158IDAL"},"content":{"rendered":"\n<p>Jsme r\u00e1di, \u017ee ses za\u0159adil mezi ty, kte\u0159\u00ed cht\u011bj\u00ed n\u00e1\u0161 sbor pova\u017eovat za sv\u016fj domov. Pokud m\u00e1\u0161 z\u00e1jem st\u00e1t se sou\u010d\u00e1st\u00ed, kontaktuj kazatele (<a href=\"https:\/\/www.cbkolin.cz\/?page_id=350\" data-type=\"page\" data-id=\"350\">kontakt<\/a>) Podm\u00ednkou je k\u0159est a ochota p\u0159ijmout dal\u0161\u00ed v\u011b\u0159\u00edc\u00ed jako \u010dleny rodiny. Sou\u010d\u00e1st\u00ed p\u0159ijet\u00ed je tento slib (<a href=\"https:\/\/www.cbkolin.cz\/?page_id=488\" data-type=\"page\" data-id=\"488\">\u010dlensk\u00fd slib<\/a>).<\/p>\n\n\n\n<p>R\u00c1D BYCH SE STAL PARTNEREM<\/p>\n\n\n\n<p>Nab\u00edz\u00edme p\u0159\u00edle\u017eitost dobrovoln\u011b podpo\u0159it pr\u00e1ci sboru jednoduch\u00fdm a naprosto dobrovoln\u00fdm darem.  M\u016f\u017eete pou\u017e\u00edt tento QR symbol.<br><\/p>\n\n\n\n<figure class=\"wp-block-image size-full\"><img loading=\"lazy\" decoding=\"async\" width=\"350\" height=\"350\" src=\"https:\/\/www.cbkolin.cz\/wp-content\/uploads\/2025\/03\/QRPlatba_na_ucet_2700159038.png\" alt=\"\" class=\"wp-image-377\" srcset=\"https:\/\/www.cbkolin.cz\/wp-content\/uploads\/2025\/03\/QRPlatba_na_ucet_2700159038.png 350w, https:\/\/www.cbkolin.cz\/wp-content\/uploads\/2025\/03\/QRPlatba_na_ucet_2700159038-300x300.png 300w, https:\/\/www.cbkolin.cz\/wp-content\/uploads\/2025\/03\/QRPlatba_na_ucet_2700159038-150x150.png 150w\" sizes=\"auto, (max-width: 350px) 100vw, 350px\" \/><\/figure>\n","protected":false},"excerpt":{"rendered":"<p>Jsme r\u00e1di, \u017ee ses za\u0159adil mezi ty, kte\u0159\u00ed cht\u011bj\u00ed n\u00e1\u0161 sbor pova\u017eovat za sv\u016fj domov. [&hellip;]<\/p>\n","protected":false},"author":1,"featured_media":0,"parent":0,"menu_order":0,"comment_status":"closed","ping_status":"closed","template":"","meta":{"footnotes":""},"class_list":["post-346","page","type-page","status-publish","hentry"],"_links":{"self":[{"href":"https:\/\/www.cbkolin.cz\/index.php?rest_route=\/wp\/v2\/pages\/346","targetHints":{"allow":["GET"]}}],"collection":[{"href":"https:\/\/www.cbkolin.cz\/index.php?rest_route=\/wp\/v2\/pages"}],"about":[{"href":"https:\/\/www.cbkolin.cz\/index.php?rest_route=\/wp\/v2\/types\/page"}],"author":[{"embeddable":true,"href":"https:\/\/www.cbkolin.cz\/index.php?rest_route=\/wp\/v2\/users\/1"}],"replies":[{"embeddable":true,"href":"https:\/\/www.cbkolin.cz\/index.php?rest_route=%2Fwp%2Fv2%2Fcomments&post=346"}],"version-history":[{"count":3,"href":"https:\/\/www.cbkolin.cz\/index.php?rest_route=\/wp\/v2\/pages\/346\/revisions"}],"predecessor-version":[{"id":490,"href":"https:\/\/www.cbkolin.cz\/index.php?rest_route=\/wp\/v2\/pages\/346\/revisions\/490"}],"wp:attachment":[{"href":"https:\/\/www.cbkolin.cz\/index.php?rest_route=%2Fwp%2Fv2%2Fmedia&parent=346"}],"curies":[{"name":"wp","href":"https:\/\/api.w.org\/{rel}","templated":true}]}}