{"id":350,"date":"2025-03-06T14:00:54","date_gmt":"2025-03-06T13:00:54","guid":{"rendered":"https:\/\/www.cbkolin.cz\/?page_id=350"},"modified":"2025-03-31T04:22:36","modified_gmt":"2025-03-31T02:22:36","slug":"kontakty","status":"publish","type":"page","link":"https:\/\/www.cbkolin.cz\/?page_id=350","title":{"rendered":"KONTAKTY"},"content":{"rendered":"\n<iframe loading=\"lazy\" style=\"border:none\" src=\"https:\/\/mapy.cz\/s\/munaboboto\" width=\"700\" height=\"466\" frameborder=\"0\"><\/iframe>\n\n\n\n<div class=\"wp-block-media-text is-stacked-on-mobile\" style=\"grid-template-columns:15% auto\"><figure class=\"wp-block-media-text__media\"><img loading=\"lazy\" decoding=\"async\" width=\"684\" height=\"1024\" src=\"https:\/\/www.cbkolin.cz\/wp-content\/uploads\/2025\/03\/Premysl-Pyter-684x1024.jpg\" alt=\"\" class=\"wp-image-502 size-full\" srcset=\"https:\/\/www.cbkolin.cz\/wp-content\/uploads\/2025\/03\/Premysl-Pyter-684x1024.jpg 684w, https:\/\/www.cbkolin.cz\/wp-content\/uploads\/2025\/03\/Premysl-Pyter-200x300.jpg 200w, https:\/\/www.cbkolin.cz\/wp-content\/uploads\/2025\/03\/Premysl-Pyter.jpg 721w\" sizes=\"auto, (max-width: 684px) 100vw, 684px\" \/><\/figure><div class=\"wp-block-media-text__content\">\n<p>Kazatel Mgr. P\u0159emysl P\u00fdter +420 608 838 573, premekpyter@gmail.com<\/p>\n<\/div><\/div>\n\n\n\n<div class=\"wp-block-media-text is-stacked-on-mobile\" style=\"grid-template-columns:15% auto\"><figure class=\"wp-block-media-text__media\"><img loading=\"lazy\" decoding=\"async\" width=\"684\" height=\"1024\" src=\"https:\/\/www.cbkolin.cz\/wp-content\/uploads\/2025\/03\/Radek-Pospisil-684x1024.jpg\" alt=\"\" class=\"wp-image-503 size-full\" srcset=\"https:\/\/www.cbkolin.cz\/wp-content\/uploads\/2025\/03\/Radek-Pospisil-684x1024.jpg 684w, https:\/\/www.cbkolin.cz\/wp-content\/uploads\/2025\/03\/Radek-Pospisil-200x300.jpg 200w, https:\/\/www.cbkolin.cz\/wp-content\/uploads\/2025\/03\/Radek-Pospisil.jpg 721w\" sizes=\"auto, (max-width: 684px) 100vw, 684px\" \/><\/figure><div class=\"wp-block-media-text__content\">\n<p>Hospod\u00e1\u0159 sboru: Radek Posp\u00ed\u0161il, radek.pospisil.kolin@seznam.cz<\/p>\n<\/div><\/div>\n\n\n\n<div class=\"wp-block-media-text is-stacked-on-mobile\" style=\"grid-template-columns:15% auto\"><figure class=\"wp-block-media-text__media\"><img loading=\"lazy\" decoding=\"async\" width=\"686\" height=\"1024\" src=\"https:\/\/www.cbkolin.cz\/wp-content\/uploads\/2025\/03\/PC284466-1-686x1024.jpg\" alt=\"\" class=\"wp-image-504 size-full\" srcset=\"https:\/\/www.cbkolin.cz\/wp-content\/uploads\/2025\/03\/PC284466-1-686x1024.jpg 686w, https:\/\/www.cbkolin.cz\/wp-content\/uploads\/2025\/03\/PC284466-1-201x300.jpg 201w, https:\/\/www.cbkolin.cz\/wp-content\/uploads\/2025\/03\/PC284466-1-768x1146.jpg 768w, https:\/\/www.cbkolin.cz\/wp-content\/uploads\/2025\/03\/PC284466-1-1029x1536.jpg 1029w, https:\/\/www.cbkolin.cz\/wp-content\/uploads\/2025\/03\/PC284466-1-1372x2048.jpg 1372w, https:\/\/www.cbkolin.cz\/wp-content\/uploads\/2025\/03\/PC284466-1-scaled.jpg 1715w\" sizes=\"auto, (max-width: 686px) 100vw, 686px\" \/><\/figure><div class=\"wp-block-media-text__content\">\n<p>M\u00edstop\u0159edseda star\u0161ovstva Milo\u0161 Charv\u00e1t +420 720 191 086, chorenko@email.cz<\/p>\n<\/div><\/div>\n\n\n\n<div class=\"wp-block-media-text is-stacked-on-mobile\" style=\"grid-template-columns:15% auto\"><figure class=\"wp-block-media-text__media\"><img loading=\"lazy\" decoding=\"async\" width=\"768\" height=\"1024\" src=\"https:\/\/www.cbkolin.cz\/wp-content\/uploads\/2025\/03\/Obrazek-WhatsApp-2024-07-24-v-14.24.49_8b928421-768x1024.jpg\" alt=\"\" class=\"wp-image-505 size-full\" srcset=\"https:\/\/www.cbkolin.cz\/wp-content\/uploads\/2025\/03\/Obrazek-WhatsApp-2024-07-24-v-14.24.49_8b928421-768x1024.jpg 768w, https:\/\/www.cbkolin.cz\/wp-content\/uploads\/2025\/03\/Obrazek-WhatsApp-2024-07-24-v-14.24.49_8b928421-225x300.jpg 225w, https:\/\/www.cbkolin.cz\/wp-content\/uploads\/2025\/03\/Obrazek-WhatsApp-2024-07-24-v-14.24.49_8b928421-1152x1536.jpg 1152w, https:\/\/www.cbkolin.cz\/wp-content\/uploads\/2025\/03\/Obrazek-WhatsApp-2024-07-24-v-14.24.49_8b928421.jpg 1536w\" sizes=\"auto, (max-width: 768px) 100vw, 768px\" \/><\/figure><div class=\"wp-block-media-text__content\">\n<p>Michaela \u0160ustrov\u00e1, miskasustrova@seznam.cz<\/p>\n<\/div><\/div>\n\n\n\n<p>Inna Pt\u00e1\u010dkov\u00e1, inna.inusicka@gmail.com<\/p>\n\n\n\n<p>I\u010c 265 201 68<\/p>\n\n\n\n<p>\u010c\u00edslo \u00fa\u010dtu 27 00 159 038\/ 2010<\/p>\n\n\n\t<div id=\"respond\" class=\"comment-respond wp-block-post-comments-form\">\n\t\t<h3 id=\"reply-title\" class=\"comment-reply-title\">Napsat koment\u00e1\u0159 <small><a rel=\"nofollow\" id=\"cancel-comment-reply-link\" href=\"\/index.php?rest_route=%2Fwp%2Fv2%2Fpages%2F350#respond\" style=\"display:none;\">Zru\u0161it odpov\u011b\u010f na koment\u00e1\u0159<\/a><\/small><\/h3><form action=\"https:\/\/www.cbkolin.cz\/wp-comments-post.php\" method=\"post\" id=\"commentform\" class=\"comment-form\"><p class=\"comment-notes\"><span id=\"email-notes\">Va\u0161e e-mailov\u00e1 adresa nebude zve\u0159ejn\u011bna.<\/span> <span class=\"required-field-message\">Vy\u017eadovan\u00e9 informace jsou ozna\u010deny <span class=\"required\">*<\/span><\/span><\/p><p class=\"comment-form-comment\"><label for=\"comment\">Koment\u00e1\u0159 <span class=\"required\">*<\/span><\/label> <textarea id=\"comment\" name=\"comment\" cols=\"45\" rows=\"8\" maxlength=\"65525\" required><\/textarea><\/p><p class=\"comment-form-author\"><label for=\"author\">Jm\u00e9no <span class=\"required\">*<\/span><\/label> <input id=\"author\" name=\"author\" type=\"text\" value=\"\" size=\"30\" maxlength=\"245\" autocomplete=\"name\" required \/><\/p>\n<p class=\"comment-form-email\"><label for=\"email\">E-mail <span class=\"required\">*<\/span><\/label> <input id=\"email\" name=\"email\" type=\"email\" value=\"\" size=\"30\" maxlength=\"100\" aria-describedby=\"email-notes\" autocomplete=\"email\" required \/><\/p>\n<p class=\"comment-form-url\"><label for=\"url\">Webov\u00e1 str\u00e1nka<\/label> <input id=\"url\" name=\"url\" type=\"url\" value=\"\" size=\"30\" maxlength=\"200\" autocomplete=\"url\" \/><\/p>\n<p class=\"comment-form-cookies-consent\"><input id=\"wp-comment-cookies-consent\" name=\"wp-comment-cookies-consent\" type=\"checkbox\" value=\"yes\" \/> <label for=\"wp-comment-cookies-consent\">Ulo\u017eit do prohl\u00ed\u017ee\u010de jm\u00e9no, e-mail a webovou str\u00e1nku pro budouc\u00ed koment\u00e1\u0159e.<\/label><\/p>\n<p class=\"form-submit wp-block-button\"><input name=\"submit\" type=\"submit\" id=\"submit\" class=\"wp-block-button__link wp-element-button\" value=\"Odeslat koment\u00e1\u0159\" \/> <input type='hidden' name='comment_post_ID' value='350' id='comment_post_ID' \/>\n<input type='hidden' name='comment_parent' id='comment_parent' value='0' \/>\n<\/p><p style=\"display: none !important;\" class=\"akismet-fields-container\" data-prefix=\"ak_\"><label>&#916;<textarea name=\"ak_hp_textarea\" cols=\"45\" rows=\"8\" maxlength=\"100\"><\/textarea><\/label><input type=\"hidden\" id=\"ak_js_1\" name=\"ak_js\" value=\"239\"\/><script>document.getElementById( \"ak_js_1\" ).setAttribute( \"value\", ( new Date() ).getTime() );<\/script><\/p><\/form>\t<\/div><!-- #respond -->\n\t","protected":false},"excerpt":{"rendered":"<p>Kazatel Mgr. P\u0159emysl P\u00fdter +420 608 838 573, premekpyter@gmail.com Hospod\u00e1\u0159 sboru: Radek Posp\u00ed\u0161il, radek.pospisil.kolin@seznam.cz M\u00edstop\u0159edseda [&hellip;]<\/p>\n","protected":false},"author":1,"featured_media":0,"parent":0,"menu_order":0,"comment_status":"open","ping_status":"closed","template":"","meta":{"footnotes":""},"class_list":["post-350","page","type-page","status-publish","hentry"],"_links":{"self":[{"href":"https:\/\/www.cbkolin.cz\/index.php?rest_route=\/wp\/v2\/pages\/350","targetHints":{"allow":["GET"]}}],"collection":[{"href":"https:\/\/www.cbkolin.cz\/index.php?rest_route=\/wp\/v2\/pages"}],"about":[{"href":"https:\/\/www.cbkolin.cz\/index.php?rest_route=\/wp\/v2\/types\/page"}],"author":[{"embeddable":true,"href":"https:\/\/www.cbkolin.cz\/index.php?rest_route=\/wp\/v2\/users\/1"}],"replies":[{"embeddable":true,"href":"https:\/\/www.cbkolin.cz\/index.php?rest_route=%2Fwp%2Fv2%2Fcomments&post=350"}],"version-history":[{"count":6,"href":"https:\/\/www.cbkolin.cz\/index.php?rest_route=\/wp\/v2\/pages\/350\/revisions"}],"predecessor-version":[{"id":512,"href":"https:\/\/www.cbkolin.cz\/index.php?rest_route=\/wp\/v2\/pages\/350\/revisions\/512"}],"wp:attachment":[{"href":"https:\/\/www.cbkolin.cz\/index.php?rest_route=%2Fwp%2Fv2%2Fmedia&parent=350"}],"curies":[{"name":"wp","href":"https:\/\/api.w.org\/{rel}","templated":true}]}}