{"id":357,"date":"2025-03-06T14:22:21","date_gmt":"2025-03-06T13:22:21","guid":{"rendered":"https:\/\/www.cbkolin.cz\/?page_id=357"},"modified":"2025-06-11T19:42:15","modified_gmt":"2025-06-11T17:42:15","slug":"nedele","status":"publish","type":"page","link":"https:\/\/www.cbkolin.cz\/?page_id=357","title":{"rendered":"NED\u011aLE"},"content":{"rendered":"\n<p>Ned\u011bln\u00ed setk\u00e1n\u00ed je pro n\u00e1s kl\u00ed\u010dovou ud\u00e1lost\u00ed t\u00fddne. Za\u010d\u00edn\u00e1 v <strong>9:30<\/strong> v\u011bt\u0161inou ve sborov\u00e9m dom\u011b na Kr\u00e1lovsk\u00e9 cest\u011b 226. Trv\u00e1 asi 75 minut. Jeho sou\u010d\u00e1st\u00ed je p\u0159edn\u00e1\u0161ka na praktick\u00e9 t\u00e9ma (<strong><a href=\"https:\/\/www.youtube.com\/@cirkevbratrskakolin\/videos?view=0&amp;sort=dd&amp;shelf_id=1\">promluva<\/a><\/strong>), n\u011bkolika p\u00edsn\u00ed <strong>(<a href=\"https:\/\/www.youtube.com\/playlist?list=PLdjxaZHOXGmqeMUjEdjGY8g4I-QXs2br4\">zp\u011bv<\/a><\/strong>) a tak\u00e9 dobrovoln\u00e1 sb\u00edrka.<\/p>\n\n\n\n<p>R\u00e1di v\u00e1s p\u0159iv\u00edt\u00e1me i s d\u011btmi, pro kter\u00e9 je b\u011bhem setk\u00e1n\u00ed p\u0159ipraven v\u011bkov\u011b p\u0159im\u011b\u0159en\u00fd program.&nbsp; (<a href=\"https:\/\/www.cbkolin.cz\/?page_id=364\">odkaz na bes\u00eddka<\/a>). Nejmen\u0161\u00ed d\u011bti mohou b\u00fdt v hern\u011b, kter\u00e1 je vybavena videop\u0159enosem ze s\u00e1lu.<\/p>\n\n\n\n<p>Shrom\u00e1\u017ed\u011bn\u00ed jsou otev\u0159ena naprosto v\u0161em lidem bez ohledu na v\u011bk, vzd\u011bl\u00e1n\u00ed nebo n\u00e1bo\u017eenskou zku\u0161enost. Pokud mezi n\u00e1s zav\u00edt\u00e1te, nemus\u00edte se modlit, zp\u00edvat ani d\u011blat cokoli z toho, co d\u011blaj\u00ed ostatn\u00ed. \u017d\u00e1dn\u00e9 ot\u00e1zky nejsou tabu.<\/p>\n\n\n\n<p>M\u00e1te ot\u00e1zky k bohoslu\u017eb\u00e1m? Obra\u0165te se na na\u0161eho kazatele <a href=\"https:\/\/www.cbkolin.cz\/?page_id=350\" data-type=\"page\" data-id=\"350\">P\u0159emysla P\u00fdtra<\/a>. <\/p>\n\n\n\n<p><\/p>\n","protected":false},"excerpt":{"rendered":"<p>Ned\u011bln\u00ed setk\u00e1n\u00ed je pro n\u00e1s kl\u00ed\u010dovou ud\u00e1lost\u00ed t\u00fddne. Za\u010d\u00edn\u00e1 v 9:30 v\u011bt\u0161inou ve sborov\u00e9m dom\u011b [&hellip;]<\/p>\n","protected":false},"author":1,"featured_media":0,"parent":0,"menu_order":0,"comment_status":"closed","ping_status":"closed","template":"","meta":{"footnotes":""},"class_list":["post-357","page","type-page","status-publish","hentry"],"_links":{"self":[{"href":"https:\/\/www.cbkolin.cz\/index.php?rest_route=\/wp\/v2\/pages\/357","targetHints":{"allow":["GET"]}}],"collection":[{"href":"https:\/\/www.cbkolin.cz\/index.php?rest_route=\/wp\/v2\/pages"}],"about":[{"href":"https:\/\/www.cbkolin.cz\/index.php?rest_route=\/wp\/v2\/types\/page"}],"author":[{"embeddable":true,"href":"https:\/\/www.cbkolin.cz\/index.php?rest_route=\/wp\/v2\/users\/1"}],"replies":[{"embeddable":true,"href":"https:\/\/www.cbkolin.cz\/index.php?rest_route=%2Fwp%2Fv2%2Fcomments&post=357"}],"version-history":[{"count":6,"href":"https:\/\/www.cbkolin.cz\/index.php?rest_route=\/wp\/v2\/pages\/357\/revisions"}],"predecessor-version":[{"id":591,"href":"https:\/\/www.cbkolin.cz\/index.php?rest_route=\/wp\/v2\/pages\/357\/revisions\/591"}],"wp:attachment":[{"href":"https:\/\/www.cbkolin.cz\/index.php?rest_route=%2Fwp%2Fv2%2Fmedia&parent=357"}],"curies":[{"name":"wp","href":"https:\/\/api.w.org\/{rel}","templated":true}]}}