{"id":360,"date":"2025-03-06T14:28:29","date_gmt":"2025-03-06T13:28:29","guid":{"rendered":"https:\/\/www.cbkolin.cz\/?page_id=360"},"modified":"2025-11-16T20:38:56","modified_gmt":"2025-11-16T19:38:56","slug":"aktivity","status":"publish","type":"page","link":"https:\/\/www.cbkolin.cz\/?page_id=360","title":{"rendered":"AKTIVITY"},"content":{"rendered":"\n<p>Dom\u00e1c\u00ed setk\u00e1n\u00ed \u2013 skupinky<\/p>\n\n\n\n<p>Ne\u017eijeme pouze ned\u011bln\u00edm setk\u00e1n\u00edm, ale jsme aktivn\u00ed i v t\u00fddnu. Biblick\u00e9 skupinky jsou setk\u00e1n\u00ed, kter\u00e1 trvaj\u00ed v\u011bt\u0161inou do 90 minut. Spole\u010dn\u011b hled\u00e1me v bibli odpov\u011bdi na na\u0161e ot\u00e1zky. Spole\u010dn\u011b mluv\u00edme s Bohem. Klidn\u011b ale mezi n\u00e1s m\u016f\u017ee\u0161 p\u0159ij\u00edt jen jako pozorovatel.<\/p>\n\n\n\n<p>Skupinka u P\u00fdtr\u016f st\u0159eda 17:30 \u2013 P\u0159emysl P\u00fdter +420 608 838 573<\/p>\n\n\n\n<p>Skupinka v B\u0159e\u017eanech \u2013 \u010dtvrtek 17:00 \u2013 Luk\u00e1\u0161 Pt\u00e1\u010dek +420 739 037 859<\/p>\n\n\n\n<p>Chosen klub<\/p>\n\n\n\n<p>Ka\u017ed\u00fd t\u0159et\u00ed p\u00e1tek od 17 hodin prob\u00edh\u00e1 klub na z\u00e1klad\u011b seri\u00e1lu The Chosen. (<a href=\"https:\/\/watch.thechosen.tv\/\" data-type=\"link\" data-id=\"https:\/\/watch.thechosen.tv\/\">the Chosen<\/a>)<\/p>\n\n\n\n<p>Odkaz na p\u00edse\u0148 (<a href=\"https:\/\/www.youtube.com\/watch?v=FXWhVnPolZM&amp;list=PLdjxaZHOXGmqeMUjEdjGY8g4I-QXs2br4&amp;index=16\">Odkaz na p\u00edse\u0148<\/a>)<\/p>\n\n\n\n<p>Ml\u00e1de\u017e<\/p>\n\n\n\n<p>Lavina (<a href=\"https:\/\/www.cbkolin.cz\/?page_id=340\" data-type=\"page\" data-id=\"340\">Lavina<\/a>)<\/p>\n\n\n\n<p>Klub pro d\u011bti prvn\u00ed a\u017e dev\u00e1t\u00e9 t\u0159\u00eddy Z\u00e1kladn\u00ed \u0161koly. Hrajeme v n\u011bm z\u00e1bavn\u00e9 hry a bav\u00edme se o d\u016fle\u017eit\u00fdch t\u00e9matem ve skupin\u00e1ch odstup\u0148ovan\u00fdch podle v\u011bku. Na ja\u0159e a na podzim s d\u011btmi obvykle pro\u017eijeme cel\u00fd v\u00edkend a v l\u00e9t\u011b jezd\u00edme na t\u00e1bor (odkaz na str\u00e1nku t\u00e1bor).<\/p>\n\n\n\n<p>Superwoman (<a href=\"https:\/\/www.cbkolin.cz\/?page_id=343\" data-type=\"page\" data-id=\"343\">Superwoman<\/a>)<\/p>\n\n\n\n<p>Klub pro holky od 13 do 19 let.<\/p>\n\n\n\n<p>Ned\u011bln\u00ed bes\u00eddka (<a href=\"https:\/\/www.cbkolin.cz\/?page_id=364\">Ned\u011bln\u00ed bes\u00eddka<\/a>)<\/p>\n\n\n\n<p>Pokud p\u0159ivedete v ned\u011bli d\u00edt\u011b mezi 4 a\u017e 12 lety, m\u016f\u017ee se \u00fa\u010dastnit program slo\u017een\u00e9ho z her, p\u00edsn\u00ed, kreslen\u00ed, pov\u00edd\u00e1n\u00ed o r\u016fzn\u00fdch t\u00e9matech p\u0159im\u011b\u0159en\u011b podle sv\u00e9ho v\u011bku.<\/p>\n","protected":false},"excerpt":{"rendered":"<p>Dom\u00e1c\u00ed setk\u00e1n\u00ed \u2013 skupinky Ne\u017eijeme pouze ned\u011bln\u00edm setk\u00e1n\u00edm, ale jsme aktivn\u00ed i v t\u00fddnu. Biblick\u00e9 [&hellip;]<\/p>\n","protected":false},"author":1,"featured_media":0,"parent":0,"menu_order":0,"comment_status":"closed","ping_status":"closed","template":"","meta":{"footnotes":""},"class_list":["post-360","page","type-page","status-publish","hentry"],"_links":{"self":[{"href":"https:\/\/www.cbkolin.cz\/index.php?rest_route=\/wp\/v2\/pages\/360","targetHints":{"allow":["GET"]}}],"collection":[{"href":"https:\/\/www.cbkolin.cz\/index.php?rest_route=\/wp\/v2\/pages"}],"about":[{"href":"https:\/\/www.cbkolin.cz\/index.php?rest_route=\/wp\/v2\/types\/page"}],"author":[{"embeddable":true,"href":"https:\/\/www.cbkolin.cz\/index.php?rest_route=\/wp\/v2\/users\/1"}],"replies":[{"embeddable":true,"href":"https:\/\/www.cbkolin.cz\/index.php?rest_route=%2Fwp%2Fv2%2Fcomments&post=360"}],"version-history":[{"count":5,"href":"https:\/\/www.cbkolin.cz\/index.php?rest_route=\/wp\/v2\/pages\/360\/revisions"}],"predecessor-version":[{"id":627,"href":"https:\/\/www.cbkolin.cz\/index.php?rest_route=\/wp\/v2\/pages\/360\/revisions\/627"}],"wp:attachment":[{"href":"https:\/\/www.cbkolin.cz\/index.php?rest_route=%2Fwp%2Fv2%2Fmedia&parent=360"}],"curies":[{"name":"wp","href":"https:\/\/api.w.org\/{rel}","templated":true}]}}