{"id":364,"date":"2025-03-06T14:34:21","date_gmt":"2025-03-06T13:34:21","guid":{"rendered":"https:\/\/www.cbkolin.cz\/?page_id=364"},"modified":"2025-03-06T14:34:21","modified_gmt":"2025-03-06T13:34:21","slug":"nedelni-besidka","status":"publish","type":"page","link":"https:\/\/www.cbkolin.cz\/?page_id=364","title":{"rendered":"Ned\u011bln\u00ed bes\u00eddka"},"content":{"rendered":"\n<p>Pokud p\u0159ivedete v ned\u011bli d\u00edt\u011b mezi 4 a\u017e 12 lety, m\u016f\u017ee se \u00fa\u010dastnit program slo\u017een\u00e9ho z her, p\u00edsn\u00ed, kreslen\u00ed, pov\u00edd\u00e1n\u00ed o r\u016fzn\u00fdch t\u00e9matech p\u0159im\u011b\u0159en\u011b podle sv\u00e9ho v\u011bku.<\/p>\n\n\n\n<p>Odd\u011blen\u00ed bes\u00eddky<\/p>\n\n\n\n<p>Mal\u00e1 bes\u00eddka 4-7 let<\/p>\n\n\n\n<p>Velk\u00e1 bes\u00eddka 7-11 let<\/p>\n\n\n\n<p><\/p>\n","protected":false},"excerpt":{"rendered":"<p>Pokud p\u0159ivedete v ned\u011bli d\u00edt\u011b mezi 4 a\u017e 12 lety, m\u016f\u017ee se \u00fa\u010dastnit program slo\u017een\u00e9ho [&hellip;]<\/p>\n","protected":false},"author":1,"featured_media":0,"parent":0,"menu_order":0,"comment_status":"closed","ping_status":"closed","template":"","meta":{"footnotes":""},"class_list":["post-364","page","type-page","status-publish","hentry"],"_links":{"self":[{"href":"https:\/\/www.cbkolin.cz\/index.php?rest_route=\/wp\/v2\/pages\/364","targetHints":{"allow":["GET"]}}],"collection":[{"href":"https:\/\/www.cbkolin.cz\/index.php?rest_route=\/wp\/v2\/pages"}],"about":[{"href":"https:\/\/www.cbkolin.cz\/index.php?rest_route=\/wp\/v2\/types\/page"}],"author":[{"embeddable":true,"href":"https:\/\/www.cbkolin.cz\/index.php?rest_route=\/wp\/v2\/users\/1"}],"replies":[{"embeddable":true,"href":"https:\/\/www.cbkolin.cz\/index.php?rest_route=%2Fwp%2Fv2%2Fcomments&post=364"}],"version-history":[{"count":1,"href":"https:\/\/www.cbkolin.cz\/index.php?rest_route=\/wp\/v2\/pages\/364\/revisions"}],"predecessor-version":[{"id":365,"href":"https:\/\/www.cbkolin.cz\/index.php?rest_route=\/wp\/v2\/pages\/364\/revisions\/365"}],"wp:attachment":[{"href":"https:\/\/www.cbkolin.cz\/index.php?rest_route=%2Fwp%2Fv2%2Fmedia&parent=364"}],"curies":[{"name":"wp","href":"https:\/\/api.w.org\/{rel}","templated":true}]}}