{"id":371,"date":"2025-03-06T15:06:32","date_gmt":"2025-03-06T14:06:32","guid":{"rendered":"https:\/\/www.cbkolin.cz\/?page_id=371"},"modified":"2025-03-31T12:24:38","modified_gmt":"2025-03-31T10:24:38","slug":"hledam","status":"publish","type":"page","link":"https:\/\/www.cbkolin.cz\/?page_id=371","title":{"rendered":"HLED\u00c1M"},"content":{"rendered":"\n<p>HLED\u00c1M BOHA<\/p>\n\n\n\n<p>B\u016fh t\u011b miluje mnohem v\u00edc, ne\u017e se odva\u017euje\u0161 doufat. Je\u017e\u00ed\u0161 zem\u0159el a vstal z mrtv\u00fdch, abys u\u017e nebyl s\u00e1m a mohl nechat sv\u00e1 selh\u00e1n\u00ed za sebou.<\/p>\n\n\n\n<p>3 KROKY VST\u0158\u00cdC<\/p>\n\n\n\n<p>1.&nbsp; &nbsp; &nbsp; Jednodu\u0161e mu \u0159ekni, \u017ee ho chce\u0161 poznat, aby p\u0159i\u0161el do tv\u00e9ho nitra, odpustil ti a vedl tv\u016fj \u017eivot d\u00e1l.<\/p>\n\n\n\n<p>2.&nbsp; &nbsp; &nbsp; Tam, kde jsi mu m\u016f\u017ee\u0161 vypr\u00e1v\u011bt o v\u0161e, co pro\u017e\u00edv\u00e1\u0161, co t\u011b tr\u00e1p\u00ed, co t\u011b fascinuje nebo kde si nev\u00ed\u0161 rady. Jen tak to vyslov. Pokud ti pom\u016f\u017ee zav\u0159\u00edt o\u010di, klidn\u011b to ud\u011blej.<\/p>\n\n\n\n<p>3.\u00a0 \u00a0 \u00a0 Najdi si dal\u0161\u00ed v\u011b\u0159\u00edc\u00ed. P\u0159ij\u010f se pod\u00edvat v ned\u011bli na <strong>setk\u00e1n\u00ed k\u0159es\u0165an\u016f<\/strong> (<a href=\"https:\/\/www.cbkolin.cz\/?page_id=357\" data-type=\"page\" data-id=\"357\">odkaz<\/a>) je v\u00edc o tom, jak to vypad\u00e1). Nebo m\u016f\u017ee\u0161 p\u0159es t\u00fdden na n\u011bjakou z <strong>aktivit<\/strong> nebo skupinek (<a href=\"https:\/\/www.cbkolin.cz\/?page_id=360\" data-type=\"page\" data-id=\"360\">aktivity<\/a>) <\/p>\n\n\n\n<p>Sv\u011bdectv\u00ed lid\u00ed, kte\u0159\u00ed se rozhodli \u017e\u00edt s Bohem (<a href=\"https:\/\/hledamboha.cz\/videos\">odkaz<\/a>)<\/p>\n\n\n\n<p>HLED\u00c1M&#8230;<\/p>\n\n\n\n<p>&#8230;n\u011bkoho s k\u00fdm bych si popov\u00eddal.<\/p>\n\n\n\n<p>A\u0165 u\u017e v\u00e1s tr\u00e1p\u00ed n\u011bco z\u00e1va\u017en\u00e9ho nebo jen tak chcete popov\u00eddat, obra\u0165te se na na\u0161eho <strong>kazatele<\/strong> (<a href=\"https:\/\/www.cbkolin.cz\/?page_id=350\" data-type=\"page\" data-id=\"350\">kontakt<\/a>), v\u00e1zan\u00e9ho zpov\u011bdn\u00edm tajemstv\u00edm nebo na kohokoli z <strong>t\u00fdmu veden\u00ed sboru<\/strong> (<a href=\"https:\/\/www.cbkolin.cz\/?page_id=350\" data-type=\"page\" data-id=\"350\">kontakty<\/a>)<\/p>\n\n\n\n<p>&#8230;n\u011bkoho, aby se za m\u011b modlil.<\/p>\n\n\n\n<p>Kontaktujte na\u0161eho kazatele (<a href=\"https:\/\/www.cbkolin.cz\/?page_id=350\" data-type=\"page\" data-id=\"350\">kontakt<\/a>) nebo jen po\u0161lete zpr\u00e1vu na \u010d\u00edslo +420608838573 a t\u00fdm modlitebn\u00edk\u016f se za v\u00e1s (nebo n\u011bkoho zn\u00e1m\u00e9ho) bude v diskr\u00e9tnosti p\u0159imlouvat.<\/p>\n\n\n\n<p>&#8230;n\u011bkoho, kdo by m\u011b oddal<\/p>\n\n\n\n<figure class=\"wp-block-gallery has-nested-images columns-default is-cropped wp-block-gallery-1 is-layout-flex wp-block-gallery-is-layout-flex\">\n<figure class=\"wp-block-image size-large\"><img loading=\"lazy\" decoding=\"async\" width=\"1024\" height=\"1024\" data-id=\"520\" src=\"https:\/\/www.cbkolin.cz\/wp-content\/uploads\/2025\/03\/a6e2f00d6bf2-bride-and-groom-exchanging-wedding-rings.jpg-1-1024x1024.webp\" alt=\"\" class=\"wp-image-520\" srcset=\"https:\/\/www.cbkolin.cz\/wp-content\/uploads\/2025\/03\/a6e2f00d6bf2-bride-and-groom-exchanging-wedding-rings.jpg-1-1024x1024.webp 1024w, https:\/\/www.cbkolin.cz\/wp-content\/uploads\/2025\/03\/a6e2f00d6bf2-bride-and-groom-exchanging-wedding-rings.jpg-1-300x300.webp 300w, https:\/\/www.cbkolin.cz\/wp-content\/uploads\/2025\/03\/a6e2f00d6bf2-bride-and-groom-exchanging-wedding-rings.jpg-1-150x150.webp 150w, https:\/\/www.cbkolin.cz\/wp-content\/uploads\/2025\/03\/a6e2f00d6bf2-bride-and-groom-exchanging-wedding-rings.jpg-1-768x768.webp 768w, https:\/\/www.cbkolin.cz\/wp-content\/uploads\/2025\/03\/a6e2f00d6bf2-bride-and-groom-exchanging-wedding-rings.jpg-1.webp 1080w\" sizes=\"auto, (max-width: 1024px) 100vw, 1024px\" \/><\/figure>\n<\/figure>\n\n\n\n<p>Jako st\u00e1tem uznan\u00e1 c\u00edrkev v\u00e1s n\u00e1\u0161 kazatel m\u016f\u017ee nejen oddat, ale i prov\u00e9st p\u0159\u00edpravou na man\u017eelstv\u00ed. (4-5 setk\u00e1n\u00ed) Otev\u00edr\u00e1me kl\u00ed\u010dov\u00e1 t\u00e9mata pro budov\u00e1n\u00ed kvalitn\u00edho vztahu:<\/p>\n\n\n\n<p>Vztah, z\u00e1vazek a oddanost, komunikace, rodi\u010de a jejich opu\u0161t\u011bn\u00ed, vize nov\u00e9 rodiny, dobr\u00fd sex<\/p>\n\n\n\n<p>Pro dal\u0161\u00ed informace kontaktujte kazatele (<a href=\"https:\/\/www.cbkolin.cz\/?page_id=350\" data-type=\"page\" data-id=\"350\">kontakt<\/a>)<\/p>\n\n\n\n<p>\u2026odbornou psychologickou pomoc<\/p>\n\n\n\n<p>R\u00e1di v\u00e1s odk\u00e1\u017eeme na k\u0159es\u0165ansk\u00e9 terapeutick\u00e9 centrum (<a href=\"http:\/\/www.ktcentrum.cz\/\">kontakt<\/a>)<\/p>\n\n\n\n<p>\u2026abych uspo\u0159\u00e1dal pro sv\u00e9ho bl\u00edzk\u00e9ho smute\u010dn\u00ed rozlou\u010den\u00ed<\/p>\n\n\n\n<p>Kazatel se s v\u00e1mi domluv\u00ed na podrobnostech (<a href=\"https:\/\/www.cbkolin.cz\/?page_id=350\" data-type=\"page\" data-id=\"350\">kontakt<\/a>)<\/p>\n\n\n\n<p>\u2026se nechat pok\u0159t\u00edt<\/p>\n\n\n\n<p>K\u0159est se velice podob\u00e1 svatb\u011b. Je to ve\u0159ejn\u00e9 uzn\u00e1n\u00ed n\u011b\u010deho, co se stalo vnitru. Proto\u017ee je to z\u00e1va\u017en\u00e9 rozhodnut\u00ed, proch\u00e1z\u00edme p\u0159im\u011b\u0159enou p\u0159\u00edpravou ke k\u0159tu, aby \u010dlov\u011bk v\u011bd\u011bl, do \u010deho se chyst\u00e1 vstoupit. <br>Projdeme spolu t\u00e9mata: jak\u00fd je B\u016fh, co je zlo, kdo je to Je\u017e\u00ed\u0161, jak se modlit, co s Bibl\u00ed, a jak \u017e\u00edt ne\u017e se Je\u017e\u00ed\u0161 vr\u00e1t\u00ed. V p\u0159\u00edpad\u011b z\u00e1jmu kontaktuj kazatele. (<a href=\"https:\/\/www.cbkolin.cz\/?page_id=350\" data-type=\"page\" data-id=\"350\">kontakt<\/a>)<\/p>\n\n\n\n<p><\/p>\n","protected":false},"excerpt":{"rendered":"<p>HLED\u00c1M BOHA B\u016fh t\u011b miluje mnohem v\u00edc, ne\u017e se odva\u017euje\u0161 doufat. Je\u017e\u00ed\u0161 zem\u0159el a vstal [&hellip;]<\/p>\n","protected":false},"author":1,"featured_media":0,"parent":0,"menu_order":0,"comment_status":"closed","ping_status":"closed","template":"","meta":{"footnotes":""},"class_list":["post-371","page","type-page","status-publish","hentry"],"_links":{"self":[{"href":"https:\/\/www.cbkolin.cz\/index.php?rest_route=\/wp\/v2\/pages\/371","targetHints":{"allow":["GET"]}}],"collection":[{"href":"https:\/\/www.cbkolin.cz\/index.php?rest_route=\/wp\/v2\/pages"}],"about":[{"href":"https:\/\/www.cbkolin.cz\/index.php?rest_route=\/wp\/v2\/types\/page"}],"author":[{"embeddable":true,"href":"https:\/\/www.cbkolin.cz\/index.php?rest_route=\/wp\/v2\/users\/1"}],"replies":[{"embeddable":true,"href":"https:\/\/www.cbkolin.cz\/index.php?rest_route=%2Fwp%2Fv2%2Fcomments&post=371"}],"version-history":[{"count":3,"href":"https:\/\/www.cbkolin.cz\/index.php?rest_route=\/wp\/v2\/pages\/371\/revisions"}],"predecessor-version":[{"id":521,"href":"https:\/\/www.cbkolin.cz\/index.php?rest_route=\/wp\/v2\/pages\/371\/revisions\/521"}],"wp:attachment":[{"href":"https:\/\/www.cbkolin.cz\/index.php?rest_route=%2Fwp%2Fv2%2Fmedia&parent=371"}],"curies":[{"name":"wp","href":"https:\/\/api.w.org\/{rel}","templated":true}]}}