{"id":488,"date":"2025-03-21T20:08:42","date_gmt":"2025-03-21T19:08:42","guid":{"rendered":"https:\/\/www.cbkolin.cz\/?page_id=488"},"modified":"2025-03-21T20:08:42","modified_gmt":"2025-03-21T19:08:42","slug":"clensky-slib","status":"publish","type":"page","link":"https:\/\/www.cbkolin.cz\/?page_id=488","title":{"rendered":"\u010clensk\u00fd slib"},"content":{"rendered":"\n<p>Kristus t\u011b v na\u0161em spole\u010denstv\u00ed p\u0159ipojil k sob\u011b, ke sv\u00e9mu t\u011blu, ke sv\u00e9mu lidu. Vstupuje\u0161 tedy<br>nyn\u00ed do smlouvy s touto v\u011btv\u00ed obecn\u00e9 Kristovy c\u00edrkve, s C\u00edrkv\u00ed bratrskou, a tak se svobodn\u011b<br>zavazuje\u0161, \u017ee bude\u0161 usilovat o to, abys miloval Hospodina, sv\u00e9ho Boha i sv\u00e9 bli\u017en\u00ed a zachoval<br>v\u011brnost sv\u00e9mu Spasiteli a P\u00e1nu Je\u017e\u00ed\u0161i Kristu. Ve Sboru C\u00edrkve bratrsk\u00e9 v Kol\u00edn\u011b,<br>bude\u0161 \u017e\u00edt v k\u0159es\u0165ansk\u00e9 l\u00e1sce a duchovn\u00edm spole\u010denstv\u00ed se v\u0161emi ostatn\u00edmi bratry a sestrami,<br>bude\u0161 v n\u011bm praktikovat osobn\u00ed k\u0159es\u0165anskou v\u00edru i slu\u017ebu a sd\u00edlet sv\u00e1 duchovn\u00ed obdarov\u00e1n\u00ed.<br>Bude\u0161 se pod\u0159izovat Bo\u017e\u00edm \u0159\u00e1d\u016fm a bude\u0161 napl\u0148ovat posl\u00e1n\u00ed \u010dlen\u016f C\u00edrkve bratrsk\u00e9. Nebude\u0161<br>opou\u0161t\u011bt bohoslu\u017eby a shrom\u00e1\u017ed\u011bn\u00ed sv\u00e9ho Sboru, a bude\u0161 p\u0159ij\u00edmat p\u0159\u00edpadn\u00e9 napom\u00edn\u00e1n\u00ed.<br>Podle sv\u00fdch mo\u017enost\u00ed bude\u0161 finan\u010dn\u011b p\u0159isp\u00edvat na pr\u00e1ci Bo\u017e\u00edho kr\u00e1lovstv\u00ed v c\u00edrkvi i ve sv\u011bt\u011b.<br>T\u00edmto slibem vyjad\u0159uje\u0161 sv\u016fj souhlas s Vyzn\u00e1n\u00edm v\u00edry C\u00edrkve bratrsk\u00e9. Pokud tak slibuje\u0161,<br>odpov\u011bz s d\u016fv\u011brou v Bo\u017e\u00ed pomoc: S d\u016fv\u011brou v Bo\u017e\u00ed pomoc slibuji!<\/p>\n","protected":false},"excerpt":{"rendered":"<p>Kristus t\u011b v na\u0161em spole\u010denstv\u00ed p\u0159ipojil k sob\u011b, ke sv\u00e9mu t\u011blu, ke sv\u00e9mu lidu. Vstupuje\u0161 [&hellip;]<\/p>\n","protected":false},"author":1,"featured_media":0,"parent":0,"menu_order":0,"comment_status":"closed","ping_status":"closed","template":"","meta":{"footnotes":""},"class_list":["post-488","page","type-page","status-publish","hentry"],"_links":{"self":[{"href":"https:\/\/www.cbkolin.cz\/index.php?rest_route=\/wp\/v2\/pages\/488","targetHints":{"allow":["GET"]}}],"collection":[{"href":"https:\/\/www.cbkolin.cz\/index.php?rest_route=\/wp\/v2\/pages"}],"about":[{"href":"https:\/\/www.cbkolin.cz\/index.php?rest_route=\/wp\/v2\/types\/page"}],"author":[{"embeddable":true,"href":"https:\/\/www.cbkolin.cz\/index.php?rest_route=\/wp\/v2\/users\/1"}],"replies":[{"embeddable":true,"href":"https:\/\/www.cbkolin.cz\/index.php?rest_route=%2Fwp%2Fv2%2Fcomments&post=488"}],"version-history":[{"count":1,"href":"https:\/\/www.cbkolin.cz\/index.php?rest_route=\/wp\/v2\/pages\/488\/revisions"}],"predecessor-version":[{"id":489,"href":"https:\/\/www.cbkolin.cz\/index.php?rest_route=\/wp\/v2\/pages\/488\/revisions\/489"}],"wp:attachment":[{"href":"https:\/\/www.cbkolin.cz\/index.php?rest_route=%2Fwp%2Fv2%2Fmedia&parent=488"}],"curies":[{"name":"wp","href":"https:\/\/api.w.org\/{rel}","templated":true}]}}